{"id":7154,"date":"2023-11-07T16:26:03","date_gmt":"2023-11-07T14:26:03","guid":{"rendered":"http:\/\/schneewittchen-land.de\/wpbc-booking-received\/"},"modified":"2023-11-07T16:26:03","modified_gmt":"2023-11-07T14:26:03","slug":"wpbc-booking-received","status":"publish","type":"page","link":"http:\/\/schneewittchen-land.de\/ro\/wpbc-booking-received\/","title":{"rendered":"Booking Received"},"content":{"rendered":"<p>Thank you for your booking. Your booking has been successfully received.<br \/>\n <div class=\"wpbc_after_booking_thank_you_section\"><div class=\"wpbc_ty__container\"><div class=\"wpbc_ty__header\"><strong>Oops!<\/strong> We could not find your booking. The link you used may be incorrect or has expired. If you need assistance, please contact our support team.<\/div><\/div><\/div><\/p>","protected":false},"excerpt":{"rendered":"<p>Thank you for your booking. Your booking has been successfully received.<\/p>","protected":false},"author":0,"featured_media":0,"parent":0,"menu_order":0,"comment_status":"closed","ping_status":"closed","template":"","meta":{"neve_meta_sidebar":"","neve_meta_container":"","neve_meta_enable_content_width":"","neve_meta_content_width":0,"neve_meta_title_alignment":"","neve_meta_author_avatar":"","neve_post_elements_order":"","neve_meta_disable_header":"","neve_meta_disable_footer":"","neve_meta_disable_title":"","_themeisle_gutenberg_block_has_review":false,"footnotes":""},"class_list":["post-7154","page","type-page","status-publish","hentry"],"yoast_head":"<!-- This site is optimized with the Yoast SEO plugin v27.3 - https:\/\/yoast.com\/product\/yoast-seo-wordpress\/ -->\n<title>Booking Received - Schneewittchen-Land<\/title>\n<meta name=\"robots\" content=\"index, follow, max-snippet:-1, max-image-preview:large, max-video-preview:-1\" \/>\n<link rel=\"canonical\" href=\"http:\/\/schneewittchen-land.de\/ro\/wpbc-booking-received\/\" \/>\n<meta property=\"og:locale\" content=\"ro_RO\" \/>\n<meta property=\"og:type\" content=\"article\" \/>\n<meta property=\"og:title\" content=\"Booking Received - Schneewittchen-Land\" \/>\n<meta property=\"og:description\" content=\"Thank you for your booking. Your booking has been successfully received.\" \/>\n<meta property=\"og:url\" content=\"http:\/\/schneewittchen-land.de\/ro\/wpbc-booking-received\/\" \/>\n<meta property=\"og:site_name\" content=\"Schneewittchen-Land\" \/>\n<meta property=\"article:publisher\" content=\"https:\/\/www.facebook.com\/schneewittchenland\" \/>\n<meta name=\"twitter:card\" content=\"summary_large_image\" \/>\n<script type=\"application\/ld+json\" class=\"yoast-schema-graph\">{\"@context\":\"https:\\\/\\\/schema.org\",\"@graph\":[{\"@type\":\"WebPage\",\"@id\":\"http:\\\/\\\/schneewittchen-land.de\\\/wpbc-booking-received\\\/\",\"url\":\"http:\\\/\\\/schneewittchen-land.de\\\/wpbc-booking-received\\\/\",\"name\":\"Booking Received - Schneewittchen-Land\",\"isPartOf\":{\"@id\":\"http:\\\/\\\/schneewittchen-land.de\\\/#website\"},\"datePublished\":\"2023-11-07T14:26:03+00:00\",\"breadcrumb\":{\"@id\":\"http:\\\/\\\/schneewittchen-land.de\\\/wpbc-booking-received\\\/#breadcrumb\"},\"inLanguage\":\"ro-RO\",\"potentialAction\":[{\"@type\":\"ReadAction\",\"target\":[\"http:\\\/\\\/schneewittchen-land.de\\\/wpbc-booking-received\\\/\"]}]},{\"@type\":\"BreadcrumbList\",\"@id\":\"http:\\\/\\\/schneewittchen-land.de\\\/wpbc-booking-received\\\/#breadcrumb\",\"itemListElement\":[{\"@type\":\"ListItem\",\"position\":1,\"name\":\"Startseite\",\"item\":\"http:\\\/\\\/schneewittchen-land.de\\\/\"},{\"@type\":\"ListItem\",\"position\":2,\"name\":\"Booking Received\"}]},{\"@type\":\"WebSite\",\"@id\":\"http:\\\/\\\/schneewittchen-land.de\\\/#website\",\"url\":\"http:\\\/\\\/schneewittchen-land.de\\\/\",\"name\":\"Schneewittchen trifft auf die Via Transilvanica\",\"description\":\"Camping mitten in der Natur\",\"publisher\":{\"@id\":\"http:\\\/\\\/schneewittchen-land.de\\\/#organization\"},\"potentialAction\":[{\"@type\":\"SearchAction\",\"target\":{\"@type\":\"EntryPoint\",\"urlTemplate\":\"http:\\\/\\\/schneewittchen-land.de\\\/?s={search_term_string}\"},\"query-input\":{\"@type\":\"PropertyValueSpecification\",\"valueRequired\":true,\"valueName\":\"search_term_string\"}}],\"inLanguage\":\"ro-RO\"},{\"@type\":\"Organization\",\"@id\":\"http:\\\/\\\/schneewittchen-land.de\\\/#organization\",\"name\":\"Schneewittchen-Land\",\"url\":\"http:\\\/\\\/schneewittchen-land.de\\\/\",\"logo\":{\"@type\":\"ImageObject\",\"inLanguage\":\"ro-RO\",\"@id\":\"http:\\\/\\\/schneewittchen-land.de\\\/#\\\/schema\\\/logo\\\/image\\\/\",\"url\":\"https:\\\/\\\/i2.wp.com\\\/schneewittchen-land.de\\\/wp-content\\\/uploads\\\/2021\\\/07\\\/logo300x300.png?fit=512%2C512\",\"contentUrl\":\"https:\\\/\\\/i2.wp.com\\\/schneewittchen-land.de\\\/wp-content\\\/uploads\\\/2021\\\/07\\\/logo300x300.png?fit=512%2C512\",\"width\":512,\"height\":512,\"caption\":\"Schneewittchen-Land\"},\"image\":{\"@id\":\"http:\\\/\\\/schneewittchen-land.de\\\/#\\\/schema\\\/logo\\\/image\\\/\"},\"sameAs\":[\"https:\\\/\\\/www.facebook.com\\\/schneewittchenland\",\"https:\\\/\\\/youtu.be\\\/ZizS3rkOObk\"]}]}<\/script>\n<!-- \/ Yoast SEO plugin. -->","yoast_head_json":{"title":"Booking Received - Schneewittchen-Land","robots":{"index":"index","follow":"follow","max-snippet":"max-snippet:-1","max-image-preview":"max-image-preview:large","max-video-preview":"max-video-preview:-1"},"canonical":"http:\/\/schneewittchen-land.de\/ro\/wpbc-booking-received\/","og_locale":"ro_RO","og_type":"article","og_title":"Booking Received - Schneewittchen-Land","og_description":"Thank you for your booking. Your booking has been successfully received.","og_url":"http:\/\/schneewittchen-land.de\/ro\/wpbc-booking-received\/","og_site_name":"Schneewittchen-Land","article_publisher":"https:\/\/www.facebook.com\/schneewittchenland","twitter_card":"summary_large_image","schema":{"@context":"https:\/\/schema.org","@graph":[{"@type":"WebPage","@id":"http:\/\/schneewittchen-land.de\/wpbc-booking-received\/","url":"http:\/\/schneewittchen-land.de\/wpbc-booking-received\/","name":"Booking Received - Schneewittchen-Land","isPartOf":{"@id":"http:\/\/schneewittchen-land.de\/#website"},"datePublished":"2023-11-07T14:26:03+00:00","breadcrumb":{"@id":"http:\/\/schneewittchen-land.de\/wpbc-booking-received\/#breadcrumb"},"inLanguage":"ro-RO","potentialAction":[{"@type":"ReadAction","target":["http:\/\/schneewittchen-land.de\/wpbc-booking-received\/"]}]},{"@type":"BreadcrumbList","@id":"http:\/\/schneewittchen-land.de\/wpbc-booking-received\/#breadcrumb","itemListElement":[{"@type":"ListItem","position":1,"name":"Startseite","item":"http:\/\/schneewittchen-land.de\/"},{"@type":"ListItem","position":2,"name":"Booking Received"}]},{"@type":"WebSite","@id":"http:\/\/schneewittchen-land.de\/#website","url":"http:\/\/schneewittchen-land.de\/","name":"Alb\u0103 ca z\u0103pada se \u00eent\u00eelne\u0219te cu Via Transilvanica","description":"Camping mitten in der Natur","publisher":{"@id":"http:\/\/schneewittchen-land.de\/#organization"},"potentialAction":[{"@type":"SearchAction","target":{"@type":"EntryPoint","urlTemplate":"http:\/\/schneewittchen-land.de\/?s={search_term_string}"},"query-input":{"@type":"PropertyValueSpecification","valueRequired":true,"valueName":"search_term_string"}}],"inLanguage":"ro-RO"},{"@type":"Organization","@id":"http:\/\/schneewittchen-land.de\/#organization","name":"Schneewittchen-Land","url":"http:\/\/schneewittchen-land.de\/","logo":{"@type":"ImageObject","inLanguage":"ro-RO","@id":"http:\/\/schneewittchen-land.de\/#\/schema\/logo\/image\/","url":"https:\/\/i2.wp.com\/schneewittchen-land.de\/wp-content\/uploads\/2021\/07\/logo300x300.png?fit=512%2C512","contentUrl":"https:\/\/i2.wp.com\/schneewittchen-land.de\/wp-content\/uploads\/2021\/07\/logo300x300.png?fit=512%2C512","width":512,"height":512,"caption":"Schneewittchen-Land"},"image":{"@id":"http:\/\/schneewittchen-land.de\/#\/schema\/logo\/image\/"},"sameAs":["https:\/\/www.facebook.com\/schneewittchenland","https:\/\/youtu.be\/ZizS3rkOObk"]}]}},"amp_enabled":true,"_links":{"self":[{"href":"http:\/\/schneewittchen-land.de\/ro\/wp-json\/wp\/v2\/pages\/7154","targetHints":{"allow":["GET"]}}],"collection":[{"href":"http:\/\/schneewittchen-land.de\/ro\/wp-json\/wp\/v2\/pages"}],"about":[{"href":"http:\/\/schneewittchen-land.de\/ro\/wp-json\/wp\/v2\/types\/page"}],"replies":[{"embeddable":true,"href":"http:\/\/schneewittchen-land.de\/ro\/wp-json\/wp\/v2\/comments?post=7154"}],"version-history":[{"count":0,"href":"http:\/\/schneewittchen-land.de\/ro\/wp-json\/wp\/v2\/pages\/7154\/revisions"}],"wp:attachment":[{"href":"http:\/\/schneewittchen-land.de\/ro\/wp-json\/wp\/v2\/media?parent=7154"}],"curies":[{"name":"wp","href":"https:\/\/api.w.org\/{rel}","templated":true}]}}