{"id":7156,"date":"2023-11-08T00:17:39","date_gmt":"2023-11-07T22:17:39","guid":{"rendered":"http:\/\/schneewittchen-land.de\/wpbc-booking\/"},"modified":"2023-11-08T00:17:39","modified_gmt":"2023-11-07T22:17:39","slug":"wpbc-booking","status":"publish","type":"page","link":"http:\/\/schneewittchen-land.de\/ro\/wpbc-booking\/","title":{"rendered":"Booking Form"},"content":{"rendered":" <div id=\"form_id317798333436\" class=\"wpbc_container wpbc_form wpbc_container_booking_form \" ><form id=\"booking_form1\" class=\"booking_form vertical\" method=\"post\" action=\"\"><div id=\"ajax_respond_insert1\" class=\"ajax_respond_insert\" style=\"display:none;\"><\/div><a name=\"bklnk1\" id=\"bklnk1\"><\/a><div id=\"booking_form_div1\" class=\"booking_form_div\"><style type=\"text\/css\">.wpbc_container_booking_form .block_hints, .wpbc_booking_form_simple.wpbc_form_center .wpbc__form__div .wpbc__row.wpbc_r_calendar, .wpbc_booking_form_simple .wpbc__form__div .wpbc__row:not(.wpbc_r_calendar){max-width:440px;} <\/style>\n<div class=\"wpbc_booking_form_simple \">\n<div class=\"wpbc__row\">\n  <div class=\"wpbc__field\">\n    <div class=\"wpbc_calendar_wraper wpbc_change_over_triangle wpbc_calendar_skin_legacy\"><div class=\"wpbc_cal_container bk_calendar_frame wpbc_no_custom_width  months_num_in_row_ cal_month_num_1 wpbc_timeslot_day_bg_as_available\" style=\"\"><div id=\"calendar_booking1\"  class=\"wpbc_calendar_id_1\" >\t<div class=\"calendar_loader_frame calendar_loader_frame1\"\r\n\t\tdata-wpbc-rid=\"1\"\r\n\t\tdata-wpbc-grace=\"8000\"\r\n\t\tstyle=\"--wpbc-loader-cols: 1;\"\r\n\t>\r\n\t\t<div class=\"calendar_loader_text\">Loading...<\/div>\r\n\t\t<div class=\"calendar_loader_frame__progress_line_container\">\r\n\t\t\t<div class=\"calendar_loader_frame__progress_line\"><\/div>\r\n\t\t<\/div>\r\n\t<\/div>\r\n\t<\/div><\/div><div style=\"font-size:7px;text-align:left;margin:0 0 10px;text-shadow: none;\">Powered by <a href=\"https:\/\/wpbookingcalendar.com\" style=\"font-size:7px;\" target=\"_blank\" title=\"Booking Calendar plugin for WordPress\">Booking Calendar<\/a><\/div><textarea id=\"date_booking1\" name=\"date_booking1\" autocomplete=\"off\" style=\"display:none;\"><\/textarea><div class=\"block_hints datepick \"><div class=\"wpdev_hint_with_text\"><div class=\"\"><div class=\"datepick-inline wpbc_calendar_legend_table_width_height\"><table class=\"datepick wpbc_calendar\" style=\"\"><tbody><tr><td class=\"datepick-days-cell date_available wpbc_calendar_legend_day_cell_height\"><div class=\"wpbc-cell-box\">\t<div class=\"date-cell-content\">\t\t<div class=\"date-content-top\"><\/div>\t\t<a>&nbsp;<\/a>\t\t<div class=\"date-content-bottom\"><\/div>\t<\/div><\/div><\/td><\/tr><\/tbody><\/table><\/div><\/div><div class=\"block_text\">- <\/div><div class=\"block_text\">Verf\u00fcgbar<\/div><\/div><div class=\"wpdev_hint_with_text\"><div class=\"\"><div class=\"datepick-inline wpbc_calendar_legend_table_width_height\"><table class=\"datepick wpbc_calendar\" style=\"\"><tbody><tr><td class=\"datepick-days-cell datepick-unselectable date_user_unavailable full_day_booking date_approved wpbc_calendar_legend_day_cell_height\"><div class=\"wpbc-cell-box\">\t<div class=\"date-cell-content\">\t\t<div class=\"date-content-top\"><\/div>\t\t<span>&nbsp;<\/span>\t\t<div class=\"date-content-bottom\"><\/div>\t<\/div><\/div><\/td><\/tr><\/tbody><\/table><\/div><\/div><div class=\"block_text\">- <\/div><div class=\"block_text\">Gebucht<\/div><\/div><div class=\"wpdev_hint_with_text\"><div class=\"\"><div class=\"datepick-inline wpbc_calendar_legend_table_width_height\"><table class=\"datepick wpbc_calendar\" style=\"\"><tbody><tr><td class=\"datepick-days-cell datepick-unselectable date_user_unavailable full_day_booking date2approve wpbc_calendar_legend_day_cell_height\"><div class=\"wpbc-cell-box\">\t<div class=\"date-cell-content\">\t\t<div class=\"date-content-top\"><\/div>\t\t<span>&nbsp;<\/span>\t\t<div class=\"date-content-bottom\"><\/div>\t<\/div><\/div><\/td><\/tr><\/tbody><\/table><\/div><\/div><div class=\"block_text\">- <\/div><div class=\"block_text\">Ausstehend<\/div><\/div><div class=\"wpdev_hint_with_text\"><div class=\"\"><span class=\" wpbc_timeslot_day_bg_as_available wpbc_change_over_triangle\"><div class=\"datepick-inline wpbc_calendar_legend_table_width_height\"><table class=\"datepick wpbc_calendar\" style=\"\"><tbody><tr><td class=\"datepick-days-cell date_available date2approve timespartly times_clock wpbc_calendar_legend_day_cell_height\"><div class=\"wpbc-cell-box\">\t<div class=\"wpbc-diagonal-el\">\t\t<div class=\"wpbc-co-out\"><svg height=\"100%\" width=\"100%\" viewBox=\"0 0 100 100\" preserveAspectRatio=\"none\"><polygon points=\"0,0 0,99 99,0\"><\/polygon><polygon points=\"0,0 0,100 49,100 49,0\"><\/polygon><\/svg><\/div>\t\t<div class=\"wpbc-co-in\"><svg height=\"100%\" width=\"100%\" viewBox=\"0 0 98 98\" preserveAspectRatio=\"none\"><polygon points=\"0,99 99,99 99,0\"><\/polygon><polygon points=\"50,98 98,98 98,0 50,0\"><\/polygon><\/svg><\/div>\t<\/div>\t<div class=\"date-cell-content\">\t\t<div class=\"date-content-top\"><div class=\"wpbc_time_dots\">\u00b7<\/div><\/div>\t\t<a>&nbsp;<\/a>\t\t<div class=\"date-content-bottom\"><\/div>\t<\/div><\/div><\/td><\/tr><\/tbody><\/table><\/div><\/span><\/div><div class=\"block_text\">- <\/div><div class=\"block_text\">Zum Teil ausgebucht<\/div><\/div><\/div><\/div>\n  <\/div>\n  <div class=\"wpbc__field\">\n<div class=\"wpbc__form__div\">\n\t\t\t<div class=\"wpbc__row\">\n\t\t\t\t<div class=\"wpbc_r_name wpbc__field\"> <label>First Name*<\/label><br><span class=\"wpbc_wrap_text wpdev-form-control-wrap name1\"><input type=\"text\" name=\"name1\" value=\"\" autocomplete=\"name\" class=\"wpdev-validates-as-required\" size=\"40\" \/><\/span> <\/div>\n\t\t\t<\/div>\n\t\t\t<div class=\"wpbc__row\">\n\t\t\t\t<div class=\"wpbc_r_secondname wpbc__field\"> <label>Last Name*<\/label><br><span class=\"wpbc_wrap_text wpdev-form-control-wrap secondname1\"><input type=\"text\" name=\"secondname1\" value=\"\" autocomplete=\"secondname\" class=\"wpdev-validates-as-required\" size=\"40\" \/><\/span> <\/div>\n\t\t\t<\/div>\n\t\t\t<div class=\"wpbc__row\">\n\t\t\t\t<div class=\"wpbc_r_email wpbc__field\"> <label>Email*<\/label><br><span class=\"wpbc_wrap_text wpdev-form-control-wrap email1\"><input type=\"email\" name=\"email1\" value=\"\" autocomplete=\"email\" class=\"wpdev-validates-as-email wpdev-validates-as-required\" size=\"40\" \/><\/span> <\/div>\n\t\t\t<\/div>\n\t\t\t<div class=\"wpbc__row\">\n\t\t\t\t<div class=\"wpbc_r_phone wpbc__field\"> <label>Phone*<\/label><br><span class=\"wpbc_wrap_text wpdev-form-control-wrap phone1\"><input type=\"text\" name=\"phone1\" value=\"\" autocomplete=\"phone\" class=\"wpdev-validates-as-required\" size=\"40\" \/><\/span> <\/div>\n\t\t\t<\/div>\n\t\t\t<div class=\"wpbc__row\">\n\t\t\t\t<div class=\"wpbc_r_wasmchtestdureservieren wpbc__field\"> <label>Was m\u00f6chtest du reservieren?*<\/label><br><span class=\"wpbc_wrap_select wpdev-form-control-wrap wasmchtestdureservieren1\"><select onchange=\"javascript:if(typeof( wpbc_show_cost_hints_after_few_seconds )=='function'){wpbc_show_cost_hints_after_few_seconds(1);}\" name=\"wasmchtestdureservieren1\" autocomplete=\"wasmchtestdureservieren\" class=\"wpdev-validates-as-required\"><option value=\"Der Wohnwagen f\u00fcr bis zu 4 Personen [\u20ac 25,00\/Nacht]\">Der Wohnwagen f\u00fcr bis zu 4 Personen [\u20ac 25,00\/Nacht]<\/option><option value=\"Ein Platz f\u00fcr das Zelt [\u20ac 8,00\/Nacht]\">Ein Platz f\u00fcr das Zelt [\u20ac 8,00\/Nacht]<\/option><option value=\"Ferienwohnung in der Stadt [\u20ac 27,00\/Nacht]\">Ferienwohnung in der Stadt [\u20ac 27,00\/Nacht]<\/option><\/select><\/span> <\/div>\n\t\t\t<\/div>\n\t\t\t<div class=\"wpbc__row\">\n\t\t\t\t<div class=\"wpbc_r_visitors wpbc__field\"> <label>Who much Visitors*<\/label><br><span class=\"wpbc_wrap_select wpdev-form-control-wrap visitors1\"><select onchange=\"javascript:if(typeof( wpbc_show_cost_hints_after_few_seconds )=='function'){wpbc_show_cost_hints_after_few_seconds(1);}\" name=\"visitors1\" autocomplete=\"visitors\" class=\"wpdev-validates-as-required\"><option value=\"1\">1<\/option><option value=\"2\">2<\/option><option value=\"3\">3<\/option><option value=\"4\">4<\/option><\/select><\/span> <\/div>\n\t\t\t<\/div>\n\t\t\t<div class=\"wpbc__row\">\n\t\t\t\t<div class=\"wpbc_r_details wpbc__field\"> <label>Details<\/label><br><span class=\"wpbc_wrap_textarea wpdev-form-control-wrap details1\"><textarea name=\"details1\" autocomplete=\"details\"><\/textarea><\/span> <\/div>\n\t\t\t<\/div>\n\t\t\t<div class=\"wpbc__row\">\n\t\t\t\t<div class=\"wpbc_r_captcha wpbc__field\"> <label><\/label><br><span class=\"wpbc_text_captcha_container wpdev-form-control-wrap \"><input  autocomplete=\"off\" type=\"hidden\" name=\"wpdev_captcha_challenge_1\"  id=\"wpdev_captcha_challenge_1\" value=\"280849138\" \/><input  autocomplete=\"off\" type=\"text\" class=\"captachinput\" value=\"\" name=\"captcha_input1\" id=\"captcha_input1\" \/><img decoding=\"async\" class=\"captcha_img\"  id=\"captcha_img1\" alt=\"To show CAPTCHA, please deactivate cache plugin or exclude this page from caching or disable CAPTCHA at WP Booking Calendar - Settings General page in Form Options section.\" src=\"http:\/\/schneewittchen-land.de\/wp-content\/plugins\/booking\/js\/captcha\/tmp\/280849138.png\" loading=\"lazy\" \/><\/span> <\/div>\n\t\t\t<\/div>\n\t\t\t<div class=\"wpbc__row\">\n\t\t\t\t<div class=\"wpbc_r_submit wpbc__field\"><input type=\"button\" value=\"Senden\" class=\"wpbc_button_light  btn btn\" onclick=\"wpbc_booking_form_submit(this.form,1, 'ro_RO');\" \/> <\/div>\n\t\t\t<\/div>\n<\/div>\n\t<\/div>\n\t<\/div>\n<\/div><input id=\"bk_type1\" name=\"bk_type1\" class=\"\" type=\"hidden\" value=\"1\" \/><\/div><div id=\"submiting1\"><\/div><div class=\"form_bk_messages\" id=\"form_bk_messages1\" ><\/div><input type=\"hidden\" id=\"wpbc_nonceCALCULATE_THE_COST1\" name=\"wpbc_nonceCALCULATE_THE_COST1\" value=\"d95e4363ca\" \/><input type=\"hidden\" name=\"_wp_http_referer\" value=\"\/ro\/wp-json\/wp\/v2\/pages\/7156\" \/><\/form><\/div><div id=\"booking_form_garbage1\" class=\"booking_form_garbage\"><\/div> \n","protected":false},"excerpt":{"rendered":"","protected":false},"author":0,"featured_media":0,"parent":0,"menu_order":0,"comment_status":"closed","ping_status":"closed","template":"","meta":{"neve_meta_sidebar":"","neve_meta_container":"","neve_meta_enable_content_width":"","neve_meta_content_width":0,"neve_meta_title_alignment":"","neve_meta_author_avatar":"","neve_post_elements_order":"","neve_meta_disable_header":"","neve_meta_disable_footer":"","neve_meta_disable_title":"","_themeisle_gutenberg_block_has_review":false,"footnotes":""},"class_list":["post-7156","page","type-page","status-publish","hentry"],"yoast_head":"<!-- This site is optimized with the Yoast SEO plugin v27.3 - https:\/\/yoast.com\/product\/yoast-seo-wordpress\/ -->\n<title>Booking Form - Schneewittchen-Land<\/title>\n<meta name=\"robots\" content=\"index, follow, max-snippet:-1, max-image-preview:large, max-video-preview:-1\" \/>\n<link rel=\"canonical\" href=\"http:\/\/schneewittchen-land.de\/ro\/wpbc-booking\/\" \/>\n<meta property=\"og:locale\" content=\"ro_RO\" \/>\n<meta property=\"og:type\" content=\"article\" \/>\n<meta property=\"og:title\" content=\"Booking Form - Schneewittchen-Land\" \/>\n<meta property=\"og:url\" content=\"http:\/\/schneewittchen-land.de\/ro\/wpbc-booking\/\" \/>\n<meta property=\"og:site_name\" content=\"Schneewittchen-Land\" \/>\n<meta property=\"article:publisher\" content=\"https:\/\/www.facebook.com\/schneewittchenland\" \/>\n<meta name=\"twitter:card\" content=\"summary_large_image\" \/>\n<script type=\"application\/ld+json\" class=\"yoast-schema-graph\">{\"@context\":\"https:\\\/\\\/schema.org\",\"@graph\":[{\"@type\":\"WebPage\",\"@id\":\"http:\\\/\\\/schneewittchen-land.de\\\/wpbc-booking\\\/\",\"url\":\"http:\\\/\\\/schneewittchen-land.de\\\/wpbc-booking\\\/\",\"name\":\"Booking Form - Schneewittchen-Land\",\"isPartOf\":{\"@id\":\"http:\\\/\\\/schneewittchen-land.de\\\/#website\"},\"datePublished\":\"2023-11-07T22:17:39+00:00\",\"breadcrumb\":{\"@id\":\"http:\\\/\\\/schneewittchen-land.de\\\/wpbc-booking\\\/#breadcrumb\"},\"inLanguage\":\"ro-RO\",\"potentialAction\":[{\"@type\":\"ReadAction\",\"target\":[\"http:\\\/\\\/schneewittchen-land.de\\\/wpbc-booking\\\/\"]}]},{\"@type\":\"BreadcrumbList\",\"@id\":\"http:\\\/\\\/schneewittchen-land.de\\\/wpbc-booking\\\/#breadcrumb\",\"itemListElement\":[{\"@type\":\"ListItem\",\"position\":1,\"name\":\"Startseite\",\"item\":\"http:\\\/\\\/schneewittchen-land.de\\\/\"},{\"@type\":\"ListItem\",\"position\":2,\"name\":\"Booking Form\"}]},{\"@type\":\"WebSite\",\"@id\":\"http:\\\/\\\/schneewittchen-land.de\\\/#website\",\"url\":\"http:\\\/\\\/schneewittchen-land.de\\\/\",\"name\":\"Schneewittchen trifft auf die Via Transilvanica\",\"description\":\"Camping mitten in der Natur\",\"publisher\":{\"@id\":\"http:\\\/\\\/schneewittchen-land.de\\\/#organization\"},\"potentialAction\":[{\"@type\":\"SearchAction\",\"target\":{\"@type\":\"EntryPoint\",\"urlTemplate\":\"http:\\\/\\\/schneewittchen-land.de\\\/?s={search_term_string}\"},\"query-input\":{\"@type\":\"PropertyValueSpecification\",\"valueRequired\":true,\"valueName\":\"search_term_string\"}}],\"inLanguage\":\"ro-RO\"},{\"@type\":\"Organization\",\"@id\":\"http:\\\/\\\/schneewittchen-land.de\\\/#organization\",\"name\":\"Schneewittchen-Land\",\"url\":\"http:\\\/\\\/schneewittchen-land.de\\\/\",\"logo\":{\"@type\":\"ImageObject\",\"inLanguage\":\"ro-RO\",\"@id\":\"http:\\\/\\\/schneewittchen-land.de\\\/#\\\/schema\\\/logo\\\/image\\\/\",\"url\":\"https:\\\/\\\/i2.wp.com\\\/schneewittchen-land.de\\\/wp-content\\\/uploads\\\/2021\\\/07\\\/logo300x300.png?fit=512%2C512\",\"contentUrl\":\"https:\\\/\\\/i2.wp.com\\\/schneewittchen-land.de\\\/wp-content\\\/uploads\\\/2021\\\/07\\\/logo300x300.png?fit=512%2C512\",\"width\":512,\"height\":512,\"caption\":\"Schneewittchen-Land\"},\"image\":{\"@id\":\"http:\\\/\\\/schneewittchen-land.de\\\/#\\\/schema\\\/logo\\\/image\\\/\"},\"sameAs\":[\"https:\\\/\\\/www.facebook.com\\\/schneewittchenland\",\"https:\\\/\\\/youtu.be\\\/ZizS3rkOObk\"]}]}<\/script>\n<!-- \/ Yoast SEO plugin. -->","yoast_head_json":{"title":"Booking Form - Schneewittchen-Land","robots":{"index":"index","follow":"follow","max-snippet":"max-snippet:-1","max-image-preview":"max-image-preview:large","max-video-preview":"max-video-preview:-1"},"canonical":"http:\/\/schneewittchen-land.de\/ro\/wpbc-booking\/","og_locale":"ro_RO","og_type":"article","og_title":"Booking Form - Schneewittchen-Land","og_url":"http:\/\/schneewittchen-land.de\/ro\/wpbc-booking\/","og_site_name":"Schneewittchen-Land","article_publisher":"https:\/\/www.facebook.com\/schneewittchenland","twitter_card":"summary_large_image","schema":{"@context":"https:\/\/schema.org","@graph":[{"@type":"WebPage","@id":"http:\/\/schneewittchen-land.de\/wpbc-booking\/","url":"http:\/\/schneewittchen-land.de\/wpbc-booking\/","name":"Booking Form - Schneewittchen-Land","isPartOf":{"@id":"http:\/\/schneewittchen-land.de\/#website"},"datePublished":"2023-11-07T22:17:39+00:00","breadcrumb":{"@id":"http:\/\/schneewittchen-land.de\/wpbc-booking\/#breadcrumb"},"inLanguage":"ro-RO","potentialAction":[{"@type":"ReadAction","target":["http:\/\/schneewittchen-land.de\/wpbc-booking\/"]}]},{"@type":"BreadcrumbList","@id":"http:\/\/schneewittchen-land.de\/wpbc-booking\/#breadcrumb","itemListElement":[{"@type":"ListItem","position":1,"name":"Startseite","item":"http:\/\/schneewittchen-land.de\/"},{"@type":"ListItem","position":2,"name":"Booking Form"}]},{"@type":"WebSite","@id":"http:\/\/schneewittchen-land.de\/#website","url":"http:\/\/schneewittchen-land.de\/","name":"Alb\u0103 ca z\u0103pada se \u00eent\u00eelne\u0219te cu Via Transilvanica","description":"Camping mitten in der Natur","publisher":{"@id":"http:\/\/schneewittchen-land.de\/#organization"},"potentialAction":[{"@type":"SearchAction","target":{"@type":"EntryPoint","urlTemplate":"http:\/\/schneewittchen-land.de\/?s={search_term_string}"},"query-input":{"@type":"PropertyValueSpecification","valueRequired":true,"valueName":"search_term_string"}}],"inLanguage":"ro-RO"},{"@type":"Organization","@id":"http:\/\/schneewittchen-land.de\/#organization","name":"Schneewittchen-Land","url":"http:\/\/schneewittchen-land.de\/","logo":{"@type":"ImageObject","inLanguage":"ro-RO","@id":"http:\/\/schneewittchen-land.de\/#\/schema\/logo\/image\/","url":"https:\/\/i2.wp.com\/schneewittchen-land.de\/wp-content\/uploads\/2021\/07\/logo300x300.png?fit=512%2C512","contentUrl":"https:\/\/i2.wp.com\/schneewittchen-land.de\/wp-content\/uploads\/2021\/07\/logo300x300.png?fit=512%2C512","width":512,"height":512,"caption":"Schneewittchen-Land"},"image":{"@id":"http:\/\/schneewittchen-land.de\/#\/schema\/logo\/image\/"},"sameAs":["https:\/\/www.facebook.com\/schneewittchenland","https:\/\/youtu.be\/ZizS3rkOObk"]}]}},"amp_enabled":true,"_links":{"self":[{"href":"http:\/\/schneewittchen-land.de\/ro\/wp-json\/wp\/v2\/pages\/7156","targetHints":{"allow":["GET"]}}],"collection":[{"href":"http:\/\/schneewittchen-land.de\/ro\/wp-json\/wp\/v2\/pages"}],"about":[{"href":"http:\/\/schneewittchen-land.de\/ro\/wp-json\/wp\/v2\/types\/page"}],"replies":[{"embeddable":true,"href":"http:\/\/schneewittchen-land.de\/ro\/wp-json\/wp\/v2\/comments?post=7156"}],"version-history":[{"count":0,"href":"http:\/\/schneewittchen-land.de\/ro\/wp-json\/wp\/v2\/pages\/7156\/revisions"}],"wp:attachment":[{"href":"http:\/\/schneewittchen-land.de\/ro\/wp-json\/wp\/v2\/media?parent=7156"}],"curies":[{"name":"wp","href":"https:\/\/api.w.org\/{rel}","templated":true}]}}